{"id":10,"date":"2015-09-23T08:50:11","date_gmt":"2015-09-23T08:50:11","guid":{"rendered":"https:\/\/pixelgrade.com\/demos\/listable-stock\/?page_id=10"},"modified":"2017-06-06T21:22:21","modified_gmt":"2017-06-06T21:22:21","slug":"add-listing","status":"publish","type":"page","link":"https:\/\/www.assemamaracaju.com.br\/guiadeempresas\/add-listing\/","title":{"rendered":"Criar novo an\u00fancio"},"content":{"rendered":"\n<form action=\"\/guiadeempresas\/wp-json\/wp\/v2\/pages\/10\" method=\"post\" id=\"submit-job-form\" class=\"job-manager-form\" enctype=\"multipart\/form-data\">\n\n\t\n\t\n\t\n\t\t\t<fieldset>\n\t\t<label>Tem uma conta?<\/label>\n\t\t<div class=\"field account-sign-in lwa\">\n\t\t\t<a class=\"button lwa-links-modal lwa-login-link\" href=\"https:\/\/www.assemamaracaju.com.br\/guiadeempresas\/wp-login.php?redirect_to=https%3A%2F%2Fwww.assemamaracaju.com.br%2Fguiadeempresas%2Fadd-listing%2F&modal_login=true#login\">Entrar<\/a>\n\n\t\t\t\n\t\t\t\tIf you don&rsquo;t have an account you can create one below by entering your email address\/username. Your account details will be confirmed via email.\n\t\t\t\n\t\t<\/div>\n\t<\/fieldset>\n\t\t\t\t\t<fieldset>\n\t\t\t<label>Senha <\/label>\n\t\t\t<div class=\"field\">\n\t\t\t\t<input type=\"password\" class=\"input-text\" name=\"create_account_password\" id=\"create_account_password\" value=\"\" \/>\n\t\t\t<\/div>\n\t\t<\/fieldset>\n\t\t<fieldset>\n\t\t\t<label>Confirmar senha <\/label>\n\t\t\t<div class=\"field\">\n\t\t\t\t<input type=\"password\" class=\"input-text\" name=\"create_account_password_verify\" id=\"create_account_password_verify\" value=\"\" \/>\n\t\t\t<\/div>\n\t\t<\/fieldset>\n\t\t<fieldset>\n\t\t<label>Seu e-mail <\/label>\n\t\t<div class=\"field\">\n\t\t\t<input type=\"email\" class=\"input-text\" name=\"create_account_email\" id=\"account_email\" placeholder=\"voce@dominio.com.br\" value=\"\" \/>\n\t\t<\/div>\n\t<\/fieldset>\n\t\n\n\t\n\t\n\t\t<!-- Job Information Fields -->\n\t\t<style>fieldset .field .input-checkbox { float: left; margin-right: 5px; }<\/style>\n\t\t\t\t\t<fieldset class=\"fieldset-job_title\">\n\t\t\t\t<label for=\"job_title\">\n\t\t\t\t\tNome da Empresa\t\t\t\t<\/label>\n\t\t\t\t<div class=\"field required-field\">\n\t\t\t\t\t<input type=\"text\" class=\"jmfe-text-field jmfe-input-text input-text text-job_title\" name=\"job_title\" id=\"job_title\" title=\"\"  placeholder=\"Infome o nome da sua empresa\" value=\"\"  required \/>\n\t\t\t\t<\/div>\n\t\t\t<\/fieldset>\n\t\t\t\t\t<fieldset class=\"fieldset-company_tagline\">\n\t\t\t\t<label for=\"company_tagline\">\n\t\t\t\t\tSlogan <small>(opcional)<\/small>\t\t\t\t<\/label>\n\t\t\t\t<div class=\"field \">\n\t\t\t\t\t<input type=\"text\" class=\"jmfe-text-field jmfe-input-text input-text text-company_tagline\" name=\"company_tagline\" id=\"company_tagline\" title=\"\"  placeholder=\"Por exemplo, cafeteria especializada\" value=\"\" maxlength=\"64\"  \/>\n<small class=\"description text-company_tagline-description\"><span class=\"description_tooltip left\">Crie um slogan curto, que ser\u00e1 exibido nos resultados de busca em vez da descri\u00e7\u00e3o do link.<\/span><\/small>\t\t\t\t<\/div>\n\t\t\t<\/fieldset>\n\t\t\t\t\t<fieldset class=\"fieldset-job_description\">\n\t\t\t\t<label for=\"job_description\">\n\t\t\t\t\tDescri\u00e7\u00e3o\t\t\t\t<\/label>\n\t\t\t\t<div class=\"field required-field\">\n\t\t\t\t\t<div id=\"wp-job_description-wrap\" class=\"wp-core-ui wp-editor-wrap tmce-active\"><link rel='stylesheet' id='dashicons-css' href='https:\/\/www.assemamaracaju.com.br\/guiadeempresas\/wp-includes\/css\/dashicons.min.css?ver=6.6.5' type='text\/css' media='all' \/>\n<link rel='stylesheet' id='editor-buttons-css' href='https:\/\/www.assemamaracaju.com.br\/guiadeempresas\/wp-includes\/css\/editor.min.css?ver=6.6.5' type='text\/css' media='all' \/>\n<div id=\"wp-job_description-editor-container\" class=\"wp-editor-container\"><textarea class=\"jmfe-add-required-attr jmfe-wp-editor wp-editor-area\" rows=\"8\" autocomplete=\"off\" cols=\"40\" name=\"job_description\" id=\"job_description\"><\/textarea><\/div>\n<\/div>\n\n<small class=\"description\">Inclua uma breve descri\u00e7\u00e3o da sua empresa, destacando seus produtos ou servi\u00e7os, miss\u00e3o, valores e diferenciais no mercado.<\/small>\t\t\t\t<\/div>\n\t\t\t<\/fieldset>\n\t\t\t\t\t<fieldset class=\"fieldset-job_category\">\n\t\t\t\t<label for=\"job_category\">\n\t\t\t\t\tSegmento da Empresa\t\t\t\t<\/label>\n\t\t\t\t<div class=\"field required-field\">\n\t\t\t\t\t<select name='job_category[]' id='job_category' class=' jmfe-required-select2 jmfe-add-required-attr jmfe-select2-select-field job-manager-category-dropdown' multiple='multiple' data-placeholder='Escolha um segmento de atua\u00e7\u00e3o' data-no_results_text='Nenhum resultado' data-multiple_text='Selecione algumas op\u00e7\u00f5es'>\n\t<option class=\"level-0\" value=\"105\">Administra\u00e7\u00e3o P\u00fablica (Prefeitura e C\u00e2mara)<\/option>\n\t<option class=\"level-0\" value=\"93\">Ag\u00eancia Banc\u00e1ria<\/option>\n\t<option class=\"level-0\" value=\"135\">Ag\u00eancia de Publicidade<\/option>\n\t<option class=\"level-0\" value=\"77\">Agroneg\u00f3cio<\/option>\n\t<option class=\"level-0\" value=\"94\">Artigos para Presente<\/option>\n\t<option class=\"level-0\" value=\"96\">Associa\u00e7\u00f5es, Funda\u00e7\u00e3o e Sindicato<\/option>\n\t<option class=\"level-0\" value=\"83\">Bares e Restaurantes<\/option>\n\t<option class=\"level-0\" value=\"103\">Biciclet\u00e1ria<\/option>\n\t<option class=\"level-0\" value=\"104\">Cobran\u00e7a<\/option>\n\t<option class=\"level-0\" value=\"97\">Com\u00e9rcio de Combust\u00edvel<\/option>\n\t<option class=\"level-0\" value=\"98\">Com\u00e9rcio de G\u00e1s<\/option>\n\t<option class=\"level-0\" value=\"109\">Com\u00e9rcio de Ve\u00edculos<\/option>\n\t<option class=\"level-0\" value=\"102\">Constru\u00e7\u00e3o<\/option>\n\t<option class=\"level-0\" value=\"85\">Cont\u00e1bil<\/option>\n\t<option class=\"level-0\" value=\"123\">Cooperativa de Cr\u00e9dito<\/option>\n\t<option class=\"level-0\" value=\"106\">Educa\u00e7\u00e3o<\/option>\n\t<option class=\"level-0\" value=\"115\">Est\u00e9tica<\/option>\n\t<option class=\"level-1\" value=\"118\">&nbsp;&nbsp;&nbsp;Cabeleireiro<\/option>\n\t<option class=\"level-1\" value=\"117\">&nbsp;&nbsp;&nbsp;Manicure<\/option>\n\t<option class=\"level-1\" value=\"119\">&nbsp;&nbsp;&nbsp;Massagista<\/option>\n\t<option class=\"level-1\" value=\"116\">&nbsp;&nbsp;&nbsp;Sal\u00e3o<\/option>\n\t<option class=\"level-0\" value=\"120\">Eventos<\/option>\n\t<option class=\"level-0\" value=\"110\">Farm\u00e1cias<\/option>\n\t<option class=\"level-0\" value=\"111\">Floricultura<\/option>\n\t<option class=\"level-0\" value=\"101\">Forma\u00e7\u00e3o de Condutores (Auto Escola)<\/option>\n\t<option class=\"level-0\" value=\"112\">Funer\u00e1ria<\/option>\n\t<option class=\"level-0\" value=\"82\">Hotel<\/option>\n\t<option class=\"level-0\" value=\"92\">Imobili\u00e1ria<\/option>\n\t<option class=\"level-0\" value=\"113\">Imprensa<\/option>\n\t<option class=\"level-0\" value=\"100\">Impress\u00f5es Gr\u00e1ficas<\/option>\n\t<option class=\"level-0\" value=\"107\">Inform\u00e1tica<\/option>\n\t<option class=\"level-0\" value=\"81\">Laborat\u00f3rios<\/option>\n\t<option class=\"level-0\" value=\"121\">Loterias<\/option>\n\t<option class=\"level-0\" value=\"84\">Mec\u00e2nicas e Auto Pe\u00e7as<\/option>\n\t<option class=\"level-0\" value=\"79\">M\u00f3veis<\/option>\n\t<option class=\"level-0\" value=\"122\">\u00d3tica<\/option>\n\t<option class=\"level-0\" value=\"124\">Outros<\/option>\n\t<option class=\"level-0\" value=\"95\">Papelaria<\/option>\n\t<option class=\"level-0\" value=\"91\">Perfumaria<\/option>\n\t<option class=\"level-0\" value=\"90\">Presta\u00e7\u00e3o de Servi\u00e7o<\/option>\n\t<option class=\"level-0\" value=\"80\">Profissional de Sa\u00fade<\/option>\n\t<option class=\"level-0\" value=\"114\">Seguran\u00e7a<\/option>\n\t<option class=\"level-0\" value=\"86\">Supermercados<\/option>\n\t<option class=\"level-1\" value=\"88\">&nbsp;&nbsp;&nbsp;A\u00e7ougues<\/option>\n\t<option class=\"level-1\" value=\"89\">&nbsp;&nbsp;&nbsp;Comercio de Bebidas<\/option>\n\t<option class=\"level-1\" value=\"87\">&nbsp;&nbsp;&nbsp;Conveni\u00eancias<\/option>\n\t<option class=\"level-0\" value=\"99\">Transporte<\/option>\n\t<option class=\"level-0\" value=\"78\">Vestu\u00e1rio e Acess\u00f3rios<\/option>\n\t<option class=\"level-0\" value=\"108\">Veterin\u00e1ria e Pet Shop<\/option>\n<\/select>\n<small class=\"description\"><span class=\"description_tooltip right\">Os visitantes podem filtrar por categorias, ent\u00e3o escolha e inclua as relevantes com cuidado.<\/span><\/small>\t\t\t\t<\/div>\n\t\t\t<\/fieldset>\n\t\t\t\t\t<fieldset class=\"fieldset-job_location\">\n\t\t\t\t<label for=\"job_location\">\n\t\t\t\t\tEndere\u00e7o <small>(opcional)<\/small>\t\t\t\t<\/label>\n\t\t\t\t<div class=\"field \">\n\t\t\t\t\t<input type=\"text\" class=\"jmfe-text-field jmfe-input-text input-text text-job_location\" name=\"job_location\" id=\"job_location\" title=\"\"  placeholder=\"Rua Rui Barbosa, 40, Vila do Prata, Maracaju, MS\" value=\"\"   \/>\n<small class=\"description text-job_location-description\">Deixe em branco se a localiza\u00e7\u00e3o n\u00e3o for importante.<\/small>\t\t\t\t<\/div>\n\t\t\t<\/fieldset>\n\t\t\t\t\t<fieldset class=\"fieldset-company_logo\">\n\t\t\t\t<label for=\"company_logo\">\n\t\t\t\t\tLogo <small>(opcional)<\/small>\t\t\t\t<\/label>\n\t\t\t\t<div class=\"field \">\n\t\t\t\t\t\n<div class=\"job-manager-uploaded-files\">\n\t<\/div>\n<input type=\"file\" class=\"input-text file-company_logo\" data-file_types=\"jpg|jpeg|gif|png\"  name=\"company_logo\" id=\"company_logo\" placeholder=\"\" \/>\n<small class=\"description\">\n\t\t\tA primeira imagem ser\u00e1 exibida como destaque.\t<\/small>\n\t\t\t\t<\/div>\n\t\t\t<\/fieldset>\n\t\t\t\t\t<fieldset class=\"fieldset-main_image\">\n\t\t\t\t<label for=\"main_image\">\n\t\t\t\t\tImagens da galeria <small>(opcional)<\/small>\t\t\t\t<\/label>\n\t\t\t\t<div class=\"field \">\n\t\t\t\t\t\n<div class=\"job-manager-uploaded-files\">\n\t<\/div>\n<input type=\"file\" class=\"input-text file-main_image\" data-file_types=\"jpg|jpeg|gif|png\" multiple name=\"main_image[]\" id=\"main_image\" placeholder=\"\" \/>\n<small class=\"description\">\n\t\t\tA primeira imagem ser\u00e1 exibida como destaque.\t<\/small>\n\t\t\t\t<\/div>\n\t\t\t<\/fieldset>\n\t\t\t\t\t<fieldset class=\"fieldset-job_hours\">\n\t\t\t\t<label for=\"job_hours\">\n\t\t\t\t\tHor\u00e1rio de Atendimento <small>(opcional)<\/small>\t\t\t\t<\/label>\n\t\t\t\t<div class=\"field \">\n\t\t\t\t\t<textarea cols=\"20\" rows=\"3\" class=\"input-text\" name=\"job_hours\" id=\"job_hours\" placeholder=\"Seg. \u00e0 Sex. das 09:00 \u00e0s 17:00\nS\u00e1b. \u00e0 Dom. das 09:00 \u00e0s 14:00\" maxlength=\"\" ><\/textarea>\n<small class=\"description\"><span class=\"description_tooltip right\">Sinta-se \u00e0 vontade para alterar o formato do texto para atender \u00e0s suas necessidades.<\/span><\/small>\t\t\t\t<\/div>\n\t\t\t<\/fieldset>\n\t\t\t\t\t<fieldset class=\"fieldset-company_phone\">\n\t\t\t\t<label for=\"company_phone\">\n\t\t\t\t\tWhatsApp <small>(opcional)<\/small>\t\t\t\t<\/label>\n\t\t\t\t<div class=\"field \">\n\t\t\t\t\t<input type=\"text\" class=\"jmfe-text-field jmfe-input-text input-text text-company_phone\" name=\"company_phone\" id=\"company_phone\" title=\"\"  placeholder=\"(00) 00000-0000\" value=\"\"   \/>\n<small class=\"description text-company_phone-description\">Por favor, informe apenas um n\u00famero de WhatsApp para que o link funcione corretamente.<\/small>\t\t\t\t<\/div>\n\t\t\t<\/fieldset>\n\t\t\t\t\t<fieldset class=\"fieldset-company_website\">\n\t\t\t\t<label for=\"company_website\">\n\t\t\t\t\tSite <small>(opcional)<\/small>\t\t\t\t<\/label>\n\t\t\t\t<div class=\"field \">\n\t\t\t\t\t<input type=\"text\" class=\"jmfe-text-field jmfe-input-text input-text text-company_website\" name=\"company_website\" id=\"company_website\" title=\"\"  placeholder=\"https:\/\/seusite.com.br\" value=\"\"   \/>\n<small class=\"description text-company_website-description\">Informe o endere\u00e7o do seu site ou de outra rede social.<\/small>\t\t\t\t<\/div>\n\t\t\t<\/fieldset>\n\t\t\t\t\t<fieldset class=\"fieldset-company_twitter\">\n\t\t\t\t<label for=\"company_twitter\">\n\t\t\t\t\tNome de usu\u00e1rio do Instagram <small>(opcional)<\/small>\t\t\t\t<\/label>\n\t\t\t\t<div class=\"field \">\n\t\t\t\t\t<input type=\"text\" class=\"jmfe-text-field jmfe-input-text input-text text-company_twitter\" name=\"company_twitter\" id=\"company_twitter\" title=\"\"  placeholder=\"\" value=\"\"   \/>\n<small class=\"description text-company_twitter-description\">Informe apenas o nome de usu\u00e1rio do Instagram. Exemplo: seuusuario<\/small>\t\t\t\t<\/div>\n\t\t\t<\/fieldset>\n\t\t\n\t\t\n\t\t<!-- Company Information Fields -->\n\t\t\t\t\t\t\t\t\t\t\n\t\t\n\t\t<p>\n\t\t\t<input type=\"hidden\" name=\"job_manager_form\" value=\"submit-job\" \/>\n\t\t\t<input type=\"hidden\" name=\"job_id\" value=\"0\" \/>\n\t\t\t<input type=\"hidden\" name=\"step\" value=\"0\" \/>\n\t\t\t<input type=\"submit\" name=\"submit_job\" class=\"button\" value=\"Pr\u00e9-visualizar\" \/>\n\t\t\t\t\t<\/p>\n\n\t<\/form>\n","protected":false},"excerpt":{"rendered":"<p>Cadastre-se no guia de empresas da Associa\u00e7\u00e3o Assema de Maracaju<\/p>\n","protected":false},"author":1,"featured_media":0,"parent":0,"menu_order":0,"comment_status":"closed","ping_status":"closed","template":"","meta":{"footnotes":""},"class_list":["post-10","page","type-page","status-publish","hentry"],"_links":{"self":[{"href":"https:\/\/www.assemamaracaju.com.br\/guiadeempresas\/wp-json\/wp\/v2\/pages\/10"}],"collection":[{"href":"https:\/\/www.assemamaracaju.com.br\/guiadeempresas\/wp-json\/wp\/v2\/pages"}],"about":[{"href":"https:\/\/www.assemamaracaju.com.br\/guiadeempresas\/wp-json\/wp\/v2\/types\/page"}],"author":[{"embeddable":true,"href":"https:\/\/www.assemamaracaju.com.br\/guiadeempresas\/wp-json\/wp\/v2\/users\/1"}],"replies":[{"embeddable":true,"href":"https:\/\/www.assemamaracaju.com.br\/guiadeempresas\/wp-json\/wp\/v2\/comments?post=10"}],"version-history":[{"count":6,"href":"https:\/\/www.assemamaracaju.com.br\/guiadeempresas\/wp-json\/wp\/v2\/pages\/10\/revisions"}],"predecessor-version":[{"id":4354,"href":"https:\/\/www.assemamaracaju.com.br\/guiadeempresas\/wp-json\/wp\/v2\/pages\/10\/revisions\/4354"}],"wp:attachment":[{"href":"https:\/\/www.assemamaracaju.com.br\/guiadeempresas\/wp-json\/wp\/v2\/media?parent=10"}],"curies":[{"name":"wp","href":"https:\/\/api.w.org\/{rel}","templated":true}]}}