{"id":1132,"date":"2015-12-22T16:20:33","date_gmt":"2015-12-22T16:20:33","guid":{"rendered":"https:\/\/pixelgrade.com\/demos\/listable-stock\/?page_id=1132"},"modified":"2024-10-10T05:48:55","modified_gmt":"2024-10-10T05:48:55","slug":"listings-no-map","status":"publish","type":"page","link":"https:\/\/www.assemamaracaju.com.br\/guiadeempresas\/listings-no-map\/","title":{"rendered":"Listings (No Map)"},"content":{"rendered":"<div class=\"job_listings\" data-location=\"\" data-keywords=\"\" data-show_filters=\"true\" data-show_pagination=\"false\" data-per_page=\"50\" data-orderby=\"featured\" data-order=\"DESC\" data-categories=\"\" data-post_id=\"1132\" ><div class=\"myflex no-map\">\n\n\t<form class=\"job_filters\">\n\t\t\n\t\t<a href=\"#\" class=\"findme  js-find-me\"><\/a>\n\n\t\t<div class=\"search_jobs\">\n\t\t\t\t\t\t<input type=\"hidden\" name=\"search_keywords\" id=\"search_keywords\" value=\"\"\/>\n\n\t\t\t<div class=\"search_location\">\n\t\t\t\t<label for=\"search_location\">Localiza\u00e7\u00e3o<\/label>\n\t\t\t\t<input type=\"text\" name=\"search_location\" id=\"search_location\"\n\t\t\t\t       placeholder=\"Localiza\u00e7\u00e3o\"\n\t\t\t\t       value=\"\"\/>\n\t\t\t<\/div>\n\n\t\t\t<div class=\"select-categories\">\n\t\t\t\t\n\t\t\t\t\t<div class=\"search_categories\">\n\t\t\t\t\t\t<label for=\"search_categories\">Category<\/label>\n\t\t\t\t\t\t<select name='search_categories[]' id='search_categories' class='job-manager-category-dropdown '  data-placeholder='Escolha uma categoria&hellip;' data-no_results_text='Nenhum resultado' data-multiple_text='Selecione algumas op\u00e7\u00f5es'>\n<option value=\"\">Selecione a categoria\n<\/option>\t<option class=\"level-0\" value=\"105\">Administra\u00e7\u00e3o P\u00fablica (Prefeitura e C\u00e2mara)<\/option>\n\t<option class=\"level-0\" value=\"93\">Ag\u00eancia Banc\u00e1ria<\/option>\n\t<option class=\"level-0\" value=\"135\">Ag\u00eancia de Publicidade<\/option>\n\t<option class=\"level-0\" value=\"77\">Agroneg\u00f3cio<\/option>\n\t<option class=\"level-0\" value=\"94\">Artigos para Presente<\/option>\n\t<option class=\"level-0\" value=\"96\">Associa\u00e7\u00f5es, Funda\u00e7\u00e3o e Sindicato<\/option>\n\t<option class=\"level-0\" value=\"83\">Bares e Restaurantes<\/option>\n\t<option class=\"level-0\" value=\"103\">Biciclet\u00e1ria<\/option>\n\t<option class=\"level-0\" value=\"104\">Cobran\u00e7a<\/option>\n\t<option class=\"level-0\" value=\"97\">Com\u00e9rcio de Combust\u00edvel<\/option>\n\t<option class=\"level-0\" value=\"98\">Com\u00e9rcio de G\u00e1s<\/option>\n\t<option class=\"level-0\" value=\"109\">Com\u00e9rcio de Ve\u00edculos<\/option>\n\t<option class=\"level-0\" value=\"102\">Constru\u00e7\u00e3o<\/option>\n\t<option class=\"level-0\" value=\"85\">Cont\u00e1bil<\/option>\n\t<option class=\"level-0\" value=\"123\">Cooperativa de Cr\u00e9dito<\/option>\n\t<option class=\"level-0\" value=\"106\">Educa\u00e7\u00e3o<\/option>\n\t<option class=\"level-0\" value=\"115\">Est\u00e9tica<\/option>\n\t<option class=\"level-1\" value=\"118\">&nbsp;&nbsp;&nbsp;Cabeleireiro<\/option>\n\t<option class=\"level-1\" value=\"117\">&nbsp;&nbsp;&nbsp;Manicure<\/option>\n\t<option class=\"level-1\" value=\"119\">&nbsp;&nbsp;&nbsp;Massagista<\/option>\n\t<option class=\"level-1\" value=\"116\">&nbsp;&nbsp;&nbsp;Sal\u00e3o<\/option>\n\t<option class=\"level-0\" value=\"120\">Eventos<\/option>\n\t<option class=\"level-0\" value=\"110\">Farm\u00e1cias<\/option>\n\t<option class=\"level-0\" value=\"111\">Floricultura<\/option>\n\t<option class=\"level-0\" value=\"101\">Forma\u00e7\u00e3o de Condutores (Auto Escola)<\/option>\n\t<option class=\"level-0\" value=\"112\">Funer\u00e1ria<\/option>\n\t<option class=\"level-0\" value=\"82\">Hotel<\/option>\n\t<option class=\"level-0\" value=\"92\">Imobili\u00e1ria<\/option>\n\t<option class=\"level-0\" value=\"113\">Imprensa<\/option>\n\t<option class=\"level-0\" value=\"100\">Impress\u00f5es Gr\u00e1ficas<\/option>\n\t<option class=\"level-0\" value=\"107\">Inform\u00e1tica<\/option>\n\t<option class=\"level-0\" value=\"81\">Laborat\u00f3rios<\/option>\n\t<option class=\"level-0\" value=\"121\">Loterias<\/option>\n\t<option class=\"level-0\" value=\"84\">Mec\u00e2nicas e Auto Pe\u00e7as<\/option>\n\t<option class=\"level-0\" value=\"79\">M\u00f3veis<\/option>\n\t<option class=\"level-0\" value=\"122\">\u00d3tica<\/option>\n\t<option class=\"level-0\" value=\"124\">Outros<\/option>\n\t<option class=\"level-0\" value=\"95\">Papelaria<\/option>\n\t<option class=\"level-0\" value=\"91\">Perfumaria<\/option>\n\t<option class=\"level-0\" value=\"90\">Presta\u00e7\u00e3o de Servi\u00e7o<\/option>\n\t<option class=\"level-0\" value=\"80\">Profissional de Sa\u00fade<\/option>\n\t<option class=\"level-0\" value=\"114\">Seguran\u00e7a<\/option>\n\t<option class=\"level-0\" value=\"86\">Supermercados<\/option>\n\t<option class=\"level-1\" value=\"88\">&nbsp;&nbsp;&nbsp;A\u00e7ougues<\/option>\n\t<option class=\"level-1\" value=\"89\">&nbsp;&nbsp;&nbsp;Comercio de Bebidas<\/option>\n\t<option class=\"level-1\" value=\"87\">&nbsp;&nbsp;&nbsp;Conveni\u00eancias<\/option>\n\t<option class=\"level-0\" value=\"99\">Transporte<\/option>\n\t<option class=\"level-0\" value=\"78\">Vestu\u00e1rio e Acess\u00f3rios<\/option>\n\t<option class=\"level-0\" value=\"108\">Veterin\u00e1ria e Pet Shop<\/option>\n<\/select>\n\t\t\t\t\t<\/div>\n\n\t\t\t\t\t\t\t<\/div><!-- .select-categories -->\n\t\t\t\t\t<\/div><!-- .search_jobs -->\n\n\t\t<div class=\"mobile-buttons\">\n\t\t\t<button class=\"btn btn--filter\">Filtro\t\t\t\t<span>Guia de Empresas<\/span><\/button>\n\t\t\t<button class=\"btn btn--view btn--view-map\"><span>Map View<\/span>\n\t\t\t<\/button>\n\t\t\t<button class=\"btn btn--view btn--view-cards\">\n\t\t\t\t<span>Cards View <\/span><\/button>\n\t\t<\/div>\n\n\t\t\t<ul class=\"job_types\">\n\t\t\t<\/ul>\n\t<input type=\"hidden\" name=\"filter_job_type[]\" value=\"\" \/>\n<div class=\"showing_jobs\"><\/div>\n\t<\/form><!-- .job_filter -->\n\n\t\n\t<noscript>Your browser does not support JavaScript, or it is disabled. JavaScript must be enabled in order to view listings.<\/noscript>\n\n\n<div class=\"grid list job_listings\">\n\n\n\n<\/div><!-- .grid.list.job_listings -->\n<svg class=\"loader\" width=\"40px\" height=\"40px\" viewBox=\"0 0 40 40\" version=\"1.1\" xmlns=\"http:\/\/www.w3.org\/2000\/svg\" xmlns:xlink=\"http:\/\/www.w3.org\/1999\/xlink\">\n    <defs>\n        <linearGradient x1=\"50%\" y1=\"7.52257671%\" x2=\"50%\" y2=\"100%\" id=\"linearGradient-1\">\n            <stop stop-color=\"currentColor\" stop-opacity=\"0.5\" offset=\"0%\"><\/stop>\n            <stop stop-color=\"currentColor\" stop-opacity=\"0\" offset=\"100%\"><\/stop>\n        <\/linearGradient>\n        <linearGradient x1=\"50%\" y1=\"7.70206696%\" x2=\"50%\" y2=\"100%\" id=\"linearGradient-2\">\n            <stop stop-color=\"currentColor\" stop-opacity=\"0.5\" offset=\"0%\"><\/stop>\n            <stop stop-color=\"currentColor\" offset=\"100%\"><\/stop>\n        <\/linearGradient>\n    <\/defs>\n    <g id=\"Page-1\" stroke=\"none\" stroke-width=\"1\" fill=\"none\" fill-rule=\"evenodd\">\n        <g>\n            <path d=\"M20,0 C31.045695,0 40,8.954305 40,20 C40,31.045695 31.045695,40 20,40 L20,38 C29.9411255,38 38,29.9411255 38,20 C38,10.0588745 29.9411255,2 20,2 L20,0 Z\" id=\"Oval-1\" fill=\"url(#linearGradient-1)\"><\/path>\n            <path d=\"M20,0 C8.954305,0 0,8.954305 0,20 C0,31.045695 8.954305,40 20,40 L20,38 C10.0588745,38 2,29.9411255 2,20 C2,10.0588745 10.0588745,2 20,2 L20,0 Z\" id=\"Oval-1-Copy\" fill=\"url(#linearGradient-2)\"><\/path>\n        <\/g>\n    <\/g>\n<\/svg>\n\n<a class=\"load_more_jobs\" href=\"#\" style=\"display:none;\"><strong>Carregar mais an\u00fancios<\/strong><\/a>\n<\/div><!-- .myflex -->\n<\/div>\n","protected":false},"excerpt":{"rendered":"<p>ccccc<\/p>\n","protected":false},"author":1,"featured_media":0,"parent":0,"menu_order":0,"comment_status":"closed","ping_status":"closed","template":"","meta":{"footnotes":""},"class_list":["post-1132","page","type-page","status-publish","hentry"],"_links":{"self":[{"href":"https:\/\/www.assemamaracaju.com.br\/guiadeempresas\/wp-json\/wp\/v2\/pages\/1132"}],"collection":[{"href":"https:\/\/www.assemamaracaju.com.br\/guiadeempresas\/wp-json\/wp\/v2\/pages"}],"about":[{"href":"https:\/\/www.assemamaracaju.com.br\/guiadeempresas\/wp-json\/wp\/v2\/types\/page"}],"author":[{"embeddable":true,"href":"https:\/\/www.assemamaracaju.com.br\/guiadeempresas\/wp-json\/wp\/v2\/users\/1"}],"replies":[{"embeddable":true,"href":"https:\/\/www.assemamaracaju.com.br\/guiadeempresas\/wp-json\/wp\/v2\/comments?post=1132"}],"version-history":[{"count":3,"href":"https:\/\/www.assemamaracaju.com.br\/guiadeempresas\/wp-json\/wp\/v2\/pages\/1132\/revisions"}],"predecessor-version":[{"id":4549,"href":"https:\/\/www.assemamaracaju.com.br\/guiadeempresas\/wp-json\/wp\/v2\/pages\/1132\/revisions\/4549"}],"wp:attachment":[{"href":"https:\/\/www.assemamaracaju.com.br\/guiadeempresas\/wp-json\/wp\/v2\/media?parent=1132"}],"curies":[{"name":"wp","href":"https:\/\/api.w.org\/{rel}","templated":true}]}}